{"id":3357,"date":"2018-06-06T11:26:34","date_gmt":"2018-06-06T17:26:34","guid":{"rendered":"http:\/\/bloquepopularjuvenil.org\/?page_id=3357"},"modified":"2022-10-06T23:16:53","modified_gmt":"2022-10-07T05:16:53","slug":"apoya-financieramente","status":"publish","type":"page","link":"https:\/\/elcomunista.org\/?page_id=3357","title":{"rendered":"Apoya financieramente al BPJ"},"content":{"rendered":"<blockquote>\r\n<p>Por m\u00e1s de diez a\u00f1os hemos editado mensualmente el peri\u00f3dico Militante BPJ, con 600 copias distribuidas en las principales ciudades de El Salvador. Nuestra prensa pretende ser el vocero del movimiento revolucionario en el pa\u00eds; a trav\u00e9s de \u00e9l extendemos las demandas de la clase obrera y la juventud, defendemos las ideas del socialismo cient\u00edfico y construimos los cimientos del futuro partido marxista revolucionario del proletariado salvadore\u00f1o. Tambi\u00e9n somos la sucursal del Centro de Estudios Socialistas Carlos Marx de La CMI en Centro Am\u00e9rica, donde distribuimos las obras cl\u00e1sicas del marxismo y las obras de marxistas contempor\u00e1neos del mundo obrero.<\/p>\r\n<p>La organizaci\u00f3n no depende de contribuciones internacionales, ni del Estado o de las ONG; el peri\u00f3dico, el Centro de Estudios y todos los gastos administrativos de la organizaci\u00f3n depende, en primer lugar, y como punto m\u00e1s importante, de las cuotas de militantes comprometidos con la causa del socialismo, que se pagan mensualmente y, en segundo lugar, de las ventas de nuestras publicaciones de libros, peri\u00f3dicos y folletos. Esto nos vale para mantener nuestra independencia pol\u00edtica y econ\u00f3mica, pues la revoluci\u00f3n socialista tendr\u00e1 que ser financiada por el mismo movimiento obrero o no ser\u00e1.<\/p>\r\n<\/blockquote>\r\n<h1 style=\"text-align: center;\"><span style=\"font-size: 18pt;\"><strong><span style=\"color: #ff0000;\"><a style=\"color: #ff0000;\" href=\"https:\/\/docs.google.com\/forms\/d\/18ri3L_faI8d3R1dGvzt1odysIcHRamDr8TAj4dqSxng\/edit#responses\">\u00a1Cliquea aqu\u00ed si queres unirte al BPJ!<\/a><\/span><\/strong><\/span><\/h1>\r\n<h1 style=\"text-align: center;\"><span style=\"font-size: 18pt;\"><a href=\"https:\/\/www.paypal.com\/donate\/?hosted_button_id=82CVLHQKW92TL\"><span style=\"color: #ff0000;\"><strong>\u00a1O aqu\u00ed si queres donar a la causa!<\/strong><\/span><\/a><\/span><\/h1>\r\n<p>&nbsp;<\/p>\r\n<p style=\"text-align: center;\"><img loading=\"lazy\" decoding=\"async\" class=\"alignnone wp-image-12395 size-large\" src=\"http:\/\/bloquepopularjuvenil.org\/wp-content\/uploads\/2022\/07\/5df6b51e-59c9-4e6a-9195-a679a9198b90-1-1024x517.jpg\" alt=\"\" width=\"1024\" height=\"517\" srcset=\"https:\/\/elcomunista.org\/wp-content\/uploads\/2022\/07\/5df6b51e-59c9-4e6a-9195-a679a9198b90-1-1024x517.jpg 1024w, https:\/\/elcomunista.org\/wp-content\/uploads\/2022\/07\/5df6b51e-59c9-4e6a-9195-a679a9198b90-1-600x303.jpg 600w, https:\/\/elcomunista.org\/wp-content\/uploads\/2022\/07\/5df6b51e-59c9-4e6a-9195-a679a9198b90-1-300x151.jpg 300w, https:\/\/elcomunista.org\/wp-content\/uploads\/2022\/07\/5df6b51e-59c9-4e6a-9195-a679a9198b90-1-768x388.jpg 768w, https:\/\/elcomunista.org\/wp-content\/uploads\/2022\/07\/5df6b51e-59c9-4e6a-9195-a679a9198b90-1.jpg 1280w\" sizes=\"(max-width: 1024px) 100vw, 1024px\" \/>\u00a0 \u00a0<\/p>\r\n<form action=\"https:\/\/www.paypal.com\/donate\" method=\"post\" target=\"_top\"><br \/><img loading=\"lazy\" decoding=\"async\" src=\"https:\/\/www.paypal.com\/en_SV\/i\/scr\/pixel.gif\" alt=\"\" width=\"1\" height=\"1\" border=\"0\" \/><\/form>\r\n<p style=\"text-align: center;\"><\/p>","protected":false},"excerpt":{"rendered":"<p>Por m\u00e1s de diez a\u00f1os hemos editado mensualmente el peri\u00f3dico Militante BPJ, con 600 copias distribuidas en las principales ciudades de El Salvador. Nuestra prensa pretende ser el vocero del movimiento revolucionario en el pa\u00eds; a trav\u00e9s de \u00e9l extendemos las demandas de la clase obrera y la juventud, defendemos las ideas del socialismo cient\u00edfico&#8230;<\/p>\n","protected":false},"author":2,"featured_media":12401,"parent":0,"menu_order":0,"comment_status":"closed","ping_status":"closed","template":"","meta":{"_monsterinsights_skip_tracking":false,"_monsterinsights_sitenote_active":false,"_monsterinsights_sitenote_note":"","_monsterinsights_sitenote_category":0,"_uf_show_specific_survey":0,"_uf_disable_surveys":false,"footnotes":""},"class_list":["post-3357","page","type-page","status-publish","has-post-thumbnail","hentry"],"aioseo_notices":[],"yoast_head":"<!-- This site is optimized with the Yoast SEO plugin v25.6 - https:\/\/yoast.com\/wordpress\/plugins\/seo\/ -->\n<title>Apoya financieramente al BPJ - Revoluci\u00f3n Comunista<\/title>\n<meta name=\"robots\" content=\"index, follow, max-snippet:-1, max-image-preview:large, max-video-preview:-1\" \/>\n<link rel=\"canonical\" href=\"https:\/\/elcomunista.org\/?page_id=3357\" \/>\n<meta property=\"og:locale\" content=\"es_ES\" \/>\n<meta property=\"og:type\" content=\"article\" \/>\n<meta property=\"og:title\" content=\"Apoya financieramente al BPJ - Revoluci\u00f3n Comunista\" \/>\n<meta property=\"og:description\" content=\"Por m\u00e1s de diez a\u00f1os hemos editado mensualmente el peri\u00f3dico Militante BPJ, con 600 copias distribuidas en las principales ciudades de El Salvador. Nuestra prensa pretende ser el vocero del movimiento revolucionario en el pa\u00eds; a trav\u00e9s de \u00e9l extendemos las demandas de la clase obrera y la juventud, defendemos las ideas del socialismo cient\u00edfico...\" \/>\n<meta property=\"og:url\" content=\"https:\/\/elcomunista.org\/?page_id=3357\" \/>\n<meta property=\"og:site_name\" content=\"Revoluci\u00f3n Comunista\" \/>\n<meta property=\"article:publisher\" content=\"https:\/\/www.facebook.com\/Bloquepopularjuvenil\" \/>\n<meta property=\"article:modified_time\" content=\"2022-10-07T05:16:53+00:00\" \/>\n<meta property=\"og:image\" content=\"https:\/\/elcomunista.org\/wp-content\/uploads\/2022\/07\/IMG-20210503-WA0003.jpg\" \/>\n\t<meta property=\"og:image:width\" content=\"833\" \/>\n\t<meta property=\"og:image:height\" content=\"625\" \/>\n\t<meta property=\"og:image:type\" content=\"image\/jpeg\" \/>\n<meta name=\"twitter:card\" content=\"summary_large_image\" \/>\n<meta name=\"twitter:site\" content=\"@ElBPJ\" \/>\n<meta name=\"twitter:label1\" content=\"Tiempo de lectura\" \/>\n\t<meta name=\"twitter:data1\" content=\"2 minutos\" \/>\n<script type=\"application\/ld+json\" class=\"yoast-schema-graph\">{\"@context\":\"https:\/\/schema.org\",\"@graph\":[{\"@type\":\"WebPage\",\"@id\":\"https:\/\/elcomunista.org\/?page_id=3357\",\"url\":\"https:\/\/elcomunista.org\/?page_id=3357\",\"name\":\"Apoya financieramente al BPJ - Revoluci\u00f3n Comunista\",\"isPartOf\":{\"@id\":\"https:\/\/elcomunista.org\/#website\"},\"primaryImageOfPage\":{\"@id\":\"https:\/\/elcomunista.org\/?page_id=3357#primaryimage\"},\"image\":{\"@id\":\"https:\/\/elcomunista.org\/?page_id=3357#primaryimage\"},\"thumbnailUrl\":\"https:\/\/elcomunista.org\/wp-content\/uploads\/2022\/07\/IMG-20210503-WA0003.jpg\",\"datePublished\":\"2018-06-06T17:26:34+00:00\",\"dateModified\":\"2022-10-07T05:16:53+00:00\",\"breadcrumb\":{\"@id\":\"https:\/\/elcomunista.org\/?page_id=3357#breadcrumb\"},\"inLanguage\":\"es\",\"potentialAction\":[{\"@type\":\"ReadAction\",\"target\":[\"https:\/\/elcomunista.org\/?page_id=3357\"]}]},{\"@type\":\"ImageObject\",\"inLanguage\":\"es\",\"@id\":\"https:\/\/elcomunista.org\/?page_id=3357#primaryimage\",\"url\":\"https:\/\/elcomunista.org\/wp-content\/uploads\/2022\/07\/IMG-20210503-WA0003.jpg\",\"contentUrl\":\"https:\/\/elcomunista.org\/wp-content\/uploads\/2022\/07\/IMG-20210503-WA0003.jpg\",\"width\":833,\"height\":625},{\"@type\":\"BreadcrumbList\",\"@id\":\"https:\/\/elcomunista.org\/?page_id=3357#breadcrumb\",\"itemListElement\":[{\"@type\":\"ListItem\",\"position\":1,\"name\":\"Portada\",\"item\":\"https:\/\/elcomunista.org\/\"},{\"@type\":\"ListItem\",\"position\":2,\"name\":\"Apoya financieramente al BPJ\"}]},{\"@type\":\"WebSite\",\"@id\":\"https:\/\/elcomunista.org\/#website\",\"url\":\"https:\/\/elcomunista.org\/\",\"name\":\"Revoluci\u00f3n Comunista\",\"description\":\"Internacional Comunista Revolucionaria\",\"publisher\":{\"@id\":\"https:\/\/elcomunista.org\/#organization\"},\"potentialAction\":[{\"@type\":\"SearchAction\",\"target\":{\"@type\":\"EntryPoint\",\"urlTemplate\":\"https:\/\/elcomunista.org\/?s={search_term_string}\"},\"query-input\":{\"@type\":\"PropertyValueSpecification\",\"valueRequired\":true,\"valueName\":\"search_term_string\"}}],\"inLanguage\":\"es\"},{\"@type\":\"Organization\",\"@id\":\"https:\/\/elcomunista.org\/#organization\",\"name\":\"Bloque Popular Juvenil\",\"url\":\"https:\/\/elcomunista.org\/\",\"logo\":{\"@type\":\"ImageObject\",\"inLanguage\":\"es\",\"@id\":\"https:\/\/elcomunista.org\/#\/schema\/logo\/image\/\",\"url\":\"https:\/\/bloquepopularjuvenil.org\/wp-content\/uploads\/2018\/11\/bpj-militante.jpg\",\"contentUrl\":\"https:\/\/bloquepopularjuvenil.org\/wp-content\/uploads\/2018\/11\/bpj-militante.jpg\",\"width\":4000,\"height\":1390,\"caption\":\"Bloque Popular Juvenil\"},\"image\":{\"@id\":\"https:\/\/elcomunista.org\/#\/schema\/logo\/image\/\"},\"sameAs\":[\"https:\/\/www.facebook.com\/Bloquepopularjuvenil\",\"https:\/\/x.com\/ElBPJ\",\"https:\/\/www.instagram.com\/elbloque_bpj\/?hl=es-la\"]}]}<\/script>\n<!-- \/ Yoast SEO plugin. -->","yoast_head_json":{"title":"Apoya financieramente al BPJ - Revoluci\u00f3n Comunista","robots":{"index":"index","follow":"follow","max-snippet":"max-snippet:-1","max-image-preview":"max-image-preview:large","max-video-preview":"max-video-preview:-1"},"canonical":"https:\/\/elcomunista.org\/?page_id=3357","og_locale":"es_ES","og_type":"article","og_title":"Apoya financieramente al BPJ - Revoluci\u00f3n Comunista","og_description":"Por m\u00e1s de diez a\u00f1os hemos editado mensualmente el peri\u00f3dico Militante BPJ, con 600 copias distribuidas en las principales ciudades de El Salvador. Nuestra prensa pretende ser el vocero del movimiento revolucionario en el pa\u00eds; a trav\u00e9s de \u00e9l extendemos las demandas de la clase obrera y la juventud, defendemos las ideas del socialismo cient\u00edfico...","og_url":"https:\/\/elcomunista.org\/?page_id=3357","og_site_name":"Revoluci\u00f3n Comunista","article_publisher":"https:\/\/www.facebook.com\/Bloquepopularjuvenil","article_modified_time":"2022-10-07T05:16:53+00:00","og_image":[{"width":833,"height":625,"url":"https:\/\/elcomunista.org\/wp-content\/uploads\/2022\/07\/IMG-20210503-WA0003.jpg","type":"image\/jpeg"}],"twitter_card":"summary_large_image","twitter_site":"@ElBPJ","twitter_misc":{"Tiempo de lectura":"2 minutos"},"schema":{"@context":"https:\/\/schema.org","@graph":[{"@type":"WebPage","@id":"https:\/\/elcomunista.org\/?page_id=3357","url":"https:\/\/elcomunista.org\/?page_id=3357","name":"Apoya financieramente al BPJ - Revoluci\u00f3n Comunista","isPartOf":{"@id":"https:\/\/elcomunista.org\/#website"},"primaryImageOfPage":{"@id":"https:\/\/elcomunista.org\/?page_id=3357#primaryimage"},"image":{"@id":"https:\/\/elcomunista.org\/?page_id=3357#primaryimage"},"thumbnailUrl":"https:\/\/elcomunista.org\/wp-content\/uploads\/2022\/07\/IMG-20210503-WA0003.jpg","datePublished":"2018-06-06T17:26:34+00:00","dateModified":"2022-10-07T05:16:53+00:00","breadcrumb":{"@id":"https:\/\/elcomunista.org\/?page_id=3357#breadcrumb"},"inLanguage":"es","potentialAction":[{"@type":"ReadAction","target":["https:\/\/elcomunista.org\/?page_id=3357"]}]},{"@type":"ImageObject","inLanguage":"es","@id":"https:\/\/elcomunista.org\/?page_id=3357#primaryimage","url":"https:\/\/elcomunista.org\/wp-content\/uploads\/2022\/07\/IMG-20210503-WA0003.jpg","contentUrl":"https:\/\/elcomunista.org\/wp-content\/uploads\/2022\/07\/IMG-20210503-WA0003.jpg","width":833,"height":625},{"@type":"BreadcrumbList","@id":"https:\/\/elcomunista.org\/?page_id=3357#breadcrumb","itemListElement":[{"@type":"ListItem","position":1,"name":"Portada","item":"https:\/\/elcomunista.org\/"},{"@type":"ListItem","position":2,"name":"Apoya financieramente al BPJ"}]},{"@type":"WebSite","@id":"https:\/\/elcomunista.org\/#website","url":"https:\/\/elcomunista.org\/","name":"Revoluci\u00f3n Comunista","description":"Internacional Comunista Revolucionaria","publisher":{"@id":"https:\/\/elcomunista.org\/#organization"},"potentialAction":[{"@type":"SearchAction","target":{"@type":"EntryPoint","urlTemplate":"https:\/\/elcomunista.org\/?s={search_term_string}"},"query-input":{"@type":"PropertyValueSpecification","valueRequired":true,"valueName":"search_term_string"}}],"inLanguage":"es"},{"@type":"Organization","@id":"https:\/\/elcomunista.org\/#organization","name":"Bloque Popular Juvenil","url":"https:\/\/elcomunista.org\/","logo":{"@type":"ImageObject","inLanguage":"es","@id":"https:\/\/elcomunista.org\/#\/schema\/logo\/image\/","url":"https:\/\/bloquepopularjuvenil.org\/wp-content\/uploads\/2018\/11\/bpj-militante.jpg","contentUrl":"https:\/\/bloquepopularjuvenil.org\/wp-content\/uploads\/2018\/11\/bpj-militante.jpg","width":4000,"height":1390,"caption":"Bloque Popular Juvenil"},"image":{"@id":"https:\/\/elcomunista.org\/#\/schema\/logo\/image\/"},"sameAs":["https:\/\/www.facebook.com\/Bloquepopularjuvenil","https:\/\/x.com\/ElBPJ","https:\/\/www.instagram.com\/elbloque_bpj\/?hl=es-la"]}]}},"jetpack_likes_enabled":true,"jetpack_sharing_enabled":true,"_links":{"self":[{"href":"https:\/\/elcomunista.org\/index.php?rest_route=\/wp\/v2\/pages\/3357"}],"collection":[{"href":"https:\/\/elcomunista.org\/index.php?rest_route=\/wp\/v2\/pages"}],"about":[{"href":"https:\/\/elcomunista.org\/index.php?rest_route=\/wp\/v2\/types\/page"}],"author":[{"embeddable":true,"href":"https:\/\/elcomunista.org\/index.php?rest_route=\/wp\/v2\/users\/2"}],"replies":[{"embeddable":true,"href":"https:\/\/elcomunista.org\/index.php?rest_route=%2Fwp%2Fv2%2Fcomments&post=3357"}],"version-history":[{"count":0,"href":"https:\/\/elcomunista.org\/index.php?rest_route=\/wp\/v2\/pages\/3357\/revisions"}],"wp:featuredmedia":[{"embeddable":true,"href":"https:\/\/elcomunista.org\/index.php?rest_route=\/wp\/v2\/media\/12401"}],"wp:attachment":[{"href":"https:\/\/elcomunista.org\/index.php?rest_route=%2Fwp%2Fv2%2Fmedia&parent=3357"}],"curies":[{"name":"wp","href":"https:\/\/api.w.org\/{rel}","templated":true}]}}